{"id":1122,"date":"2011-04-22T09:41:58","date_gmt":"2011-04-22T07:41:58","guid":{"rendered":"http:\/\/se.conservationinethiopia.org\/?page_id=1122"},"modified":"2013-02-09T11:44:02","modified_gmt":"2013-02-09T09:44:02","slug":"valkommen","status":"publish","type":"page","link":"https:\/\/se.conservationinethiopia.org\/","title":{"rendered":"SCECH"},"content":{"rendered":"<h1 style=\"padding-left: 30px;\">The Society<br \/>\nfor the Conservation<br \/>\n<span style=\"color: #000000;\">of the Ethiopian Cultural Heritage<\/span><\/h1>\n<h1 style=\"padding-left: 30px;\"><\/h1>\n<p style=\"padding-left: 30px;\"><span style=\"color: #000000;\"><em>Damage to cultural property belonging to any people whatsoever<\/em><\/span><br \/>\n<span style=\"color: #000000;\"> <em>means damage to the cultural heritage of all mankind<\/em><\/span><br \/>\n<span style=\"color: #000000;\"> <em>since each people makes its contribution to the culture of the world<\/em><\/span><\/p>\n<p style=\"padding-left: 180px;\"><span style=\"color: #000000;\">The Hague Convention, 1954<\/span><\/p>\n<h1>\u00a0 \u00a0 <img loading=\"lazy\" decoding=\"async\" class=\"alignnone\" title=\"Kristi ansikte\" src=\"https:\/\/se.conservationinethiopia.org\/wp-content\/uploads\/2011\/04\/4.-Kristusansiktet.jpg\" alt=\"\" width=\"400\" height=\"268\" \/><\/h1>\n<p>&nbsp;<\/p>\n<p><span style=\"color: #008000;\">V\u00c4LKOMNA TILL SCECH:s<\/span>\u00a0hemsida och blogg \u00f6ppnad i syfte att informera om ett projekt till\u00e4gnat det etiopiska kulturarvet, ett kulturarv i accelererande f\u00f6rfall, som utg\u00f6r en viktig del av den afrikanska konsten och historien s\u00e5v\u00e4l som av v\u00e4rldsarvet.<\/p>\n<p>H\u00e4r presenteras det svenska s\u00e4llskapets medlemmar och v\u00e5ra samarbetspartners i Etiopien, s\u00e5v\u00e4l som planerad verksamhet: konservering, utbildning, forskning och dokument\u00e4rfilm. Dessa texter finns endast att l\u00e4sa p\u00e5 engelska sidan, som \u00e4r v\u00e5r egentliga hemsida och engelskspr\u00e5kig eftersom organisationen \u00e4r internationell och v\u00e5r verksam f\u00f6rlagd i ett land d\u00e4r andra-spr\u00e5ket \u00e4r engelska.<\/p>\n<p>Det man f\u00f6r tillf\u00e4llet h\u00e4r p\u00e5 den svenska sidan kan l\u00e4sa \u00e4r tre artiklar som beskriver projektet <em>Debre Selam Mika&#8217;el<\/em>, som var t\u00e4nkt att bli startpunkten och v\u00e5rt pilotprojekt i Etiopien. Detta har nu senarelagts och ersatts av projektet <em>Yemrehanne Krestos.<\/em> Det som som principiellt s\u00e4gs om Debre Selam Mika&#8217;el som pilotprojekt och kulturellt bist\u00e5ndsprojekt \u00e4r dock \u00f6verf\u00f6rbart p\u00e5 projeket Yemrehanne Krestos. Om kyrkan och det kungliga palatset p\u00e5 denna plats kan man l\u00e4sa genom att via huvudmenyn g\u00e5 till &#8221;Conservation&#8221; som i sin tur l\u00e4nkar vidare till en rikt illustrerad presentation av den f\u00f6runders\u00f6kning SCECH:s team genomf\u00f6rde h\u00e4r i oktober 2012. Men detta pilotprojekt &#8211; som vi med ljus och lykta s\u00f6ker v\u00e4gar till finansiering f\u00f6r &#8211; hoppas vi \u00a0kunna bana v\u00e4g f\u00f6r ett st\u00f6rre konserverings- och utbildnings-program i Etiopien i syfte att r\u00e4dda en omistlig del av v\u00e4rldsarvet.<\/p>\n<p>En databas f\u00f6r information av historiskt, byggnadstekniskt, konsthistorisk och religionsvetenskapligt v\u00e4rde i form av fotografiskt och skriftligt material samlat under tidigare inventeringar och resultat av tv\u00e4rvetenskapliga studier planeras att s\u00e5 sm\u00e5ningom byggas upp och \u00f6ppnas d\u00e5 denna forskning har tagit sin b\u00f6rjan. Syftet med n\u00e4mnda studier finns kortfattat sammanfattad under rubriken <em>Forskning. <\/em>P\u00e5pekas\u00a0skall att det som s\u00e4gs om forskning och utbildning inklusive omn\u00e4mnande om universitet i Etiopien fortfarande \u00e4r relaterat till projektet Debre Selam Mika&#8217;el som allts\u00e5 \u00e4r uppskjutet. Det som principiellt s\u00e4gs om forskning och utbildning \u00e4r dock \u00f6verf\u00f6rbart p\u00e5 projeket Yemrehanne Krestos. Databasen kommer att steg f\u00f6r steg berikas med nytt material och riktas i f\u00f6rsta hand till de institutioner och forskare som samarbetar med SCECH.<\/p>\n<p>F\u00f6r nyheter och fortg\u00e5ende information om planering och utveckling av projektet kommer vi s\u00e5 sm\u00e5ningom kunna h\u00e4nvisas till v\u00e5r blogg. Denna kommer inledningsvis inte att vara en dag-f\u00f6r-dag-blogg, men \u00e5tminstone uppdateras n\u00e5gra g\u00e5nger i m\u00e5naden.<\/p>\n<p>Vid sidan av artiklarna h\u00e4r kan ni via l\u00e4nkar p\u00e5 den engelska sidan bekanta er med ett flertal intressanta etiopiska institutioner.<\/p>\n<p>V\u00e4lkomna!<\/p>\n<p>&nbsp;<\/p>\n<p>Styrelsen f\u00f6r SCECH<\/p>\n<p>&nbsp;<\/p>\n<p>&nbsp;<\/p>\n<h6 style=\"padding-left: 180px;\"><span style=\"color: #008000;\"> \u00a9 Text och bild: SCECH, f\u00f6rfattarna och fotograferna, 2011<\/span><\/h6>\n<h6 style=\"padding-left: 210px;\"><span style=\"font-size: small;\"><span style=\"font-size: 13px; font-weight: normal;\"><span style=\"color: #008000; font-size: x-small;\"><span style=\"font-size: 10px;\"><strong><br \/>\n<\/strong><\/span><\/span><\/span><\/span><\/h6>\n<p>&nbsp;<\/p>\n<p>&nbsp;<\/p>\n<p>&nbsp;<\/p>\n<p>&nbsp;<\/p>\n<p>&nbsp;<\/p>\n<p>&nbsp;<\/p>\n<p>&nbsp;<\/p>\n<p>&nbsp;<\/p>\n<p>&nbsp;<\/p>\n<p><span style=\"color: #008000;\"><br \/>\n<\/span><\/p>\n<p>&nbsp;<\/p>\n","protected":false},"excerpt":{"rendered":"<p>The Society for the Conservation of the Ethiopian Cultural Heritage Damage to cultural property belonging to any people whatsoever means damage to the cultural heritage of all mankind since each people makes its contribution to the culture of the world The Hague Convention, 1954 \u00a0 \u00a0 &nbsp; V\u00c4LKOMNA TILL SCECH:s\u00a0hemsida och blogg \u00f6ppnad i syfte [&hellip;]<\/p>\n","protected":false},"author":1,"featured_media":0,"parent":0,"menu_order":0,"comment_status":"open","ping_status":"open","template":"","meta":{"footnotes":""},"class_list":["post-1122","page","type-page","status-publish","hentry"],"_links":{"self":[{"href":"https:\/\/se.conservationinethiopia.org\/index.php?rest_route=\/wp\/v2\/pages\/1122","targetHints":{"allow":["GET"]}}],"collection":[{"href":"https:\/\/se.conservationinethiopia.org\/index.php?rest_route=\/wp\/v2\/pages"}],"about":[{"href":"https:\/\/se.conservationinethiopia.org\/index.php?rest_route=\/wp\/v2\/types\/page"}],"author":[{"embeddable":true,"href":"https:\/\/se.conservationinethiopia.org\/index.php?rest_route=\/wp\/v2\/users\/1"}],"replies":[{"embeddable":true,"href":"https:\/\/se.conservationinethiopia.org\/index.php?rest_route=%2Fwp%2Fv2%2Fcomments&post=1122"}],"version-history":[{"count":99,"href":"https:\/\/se.conservationinethiopia.org\/index.php?rest_route=\/wp\/v2\/pages\/1122\/revisions"}],"predecessor-version":[{"id":2017,"href":"https:\/\/se.conservationinethiopia.org\/index.php?rest_route=\/wp\/v2\/pages\/1122\/revisions\/2017"}],"wp:attachment":[{"href":"https:\/\/se.conservationinethiopia.org\/index.php?rest_route=%2Fwp%2Fv2%2Fmedia&parent=1122"}],"curies":[{"name":"wp","href":"https:\/\/api.w.org\/{rel}","templated":true}]}}