{"id":1189,"date":"2011-04-25T09:07:51","date_gmt":"2011-04-25T07:07:51","guid":{"rendered":"http:\/\/se.conservationinethiopia.org\/?page_id=1189"},"modified":"2011-05-05T19:03:03","modified_gmt":"2011-05-05T17:03:03","slug":"kartor","status":"publish","type":"page","link":"https:\/\/se.conservationinethiopia.org\/?page_id=1189","title":{"rendered":"Kartor"},"content":{"rendered":"<h4>KARTOR \u00d6VER ETIOPIEN, \u00a0TIGRAI\u00a0MED DESS\u00a0HUVUDSTAD<br \/>\nMEKELE OCH DEN LILLA\u00a0STADEN WUKRO\u00a0SAMT PROVINSEN<br \/>\nWEMBERTA\u00a0OCH ATSBIPLAT\u00c5N<\/h4>\n<p>&nbsp;<\/p>\n<p><img loading=\"lazy\" decoding=\"async\" class=\"alignnone\" title=\"Karta av Etiopien\" src=\"http:\/\/www.ezilon.com\/maps\/images\/africa\/e07phy.gif\" alt=\"\" width=\"1412\" height=\"998\" \/><\/p>\n<p style=\"text-align: justify;\">Tigrai \u00e4r bel\u00e4get i den nordligaste delen av landet och gr\u00e4nsar till Eritrea som tidigare var en del av Etiopien, d\u00e5 kallat Abessinien.<\/p>\n<p style=\"text-align: justify;\">Debre Selam Mika&#8217;el \u00e4r bel\u00e4gen i landsdelen Wemberta i nord\u00f6stra Tigrai, p\u00e5 Atsbi-plat\u00e5n, ca tv\u00e5 och en halv mil nord\u00f6st om den lilla staden Wukro och ca 8 kilometer fr\u00e5n Atsbi by. Man tar sig enkelt dit p\u00e5 bra grusv\u00e4gar, men b\u00f6r ha en fyrhjulsdriven bil f\u00f6r att b\u00e4ttre klara av de sista tre kilometerna.<\/p>\n<p style=\"text-align: justify;\">&nbsp;<\/p>\n<p><img loading=\"lazy\" decoding=\"async\" class=\"alignnone\" title=\"Tigrai\" src=\"https:\/\/se.conservationinethiopia.org\/wp-content\/uploads\/2011\/04\/MAP-OF-TIGRAI-1-ny.jpg\" alt=\"\" width=\"500\" height=\"476\" \/><\/p>\n<p>Debre Selam Mika&#8217;el \u00e4r en av flera unika, medeltida kyrkor i regionen Wembertas svindlande sk\u00f6na bergslandskap. Den \u00e4r bel\u00e4gen en sluttning p\u00e5 p\u00e5 2 600 meters h\u00f6jd \u00f6ver havet och kan p\u00e5 kartbilden nedan ses ett stycke nordv\u00e4st om byn Atsbi.<\/p>\n<p>&nbsp;<\/p>\n<p><img loading=\"lazy\" decoding=\"async\" class=\"alignnone\" title=\"Karta av Wemberta\" src=\"https:\/\/se.conservationinethiopia.org\/wp-content\/uploads\/2011\/04\/MAP-OF-WEMBERTA1-ny.jpg\" alt=\"\" width=\"500\" height=\"372\" \/><\/p>\n<p>&nbsp;<\/p>\n<p>&nbsp;<\/p>\n<p>&nbsp;<\/p>\n<p>&nbsp;<\/p>\n<p>&nbsp;<\/p>\n","protected":false},"excerpt":{"rendered":"<p>KARTOR \u00d6VER ETIOPIEN, \u00a0TIGRAI\u00a0MED DESS\u00a0HUVUDSTAD MEKELE OCH DEN LILLA\u00a0STADEN WUKRO\u00a0SAMT PROVINSEN WEMBERTA\u00a0OCH ATSBIPLAT\u00c5N &nbsp; Tigrai \u00e4r bel\u00e4get i den nordligaste delen av landet och gr\u00e4nsar till Eritrea som tidigare var en del av Etiopien, d\u00e5 kallat Abessinien. Debre Selam Mika&#8217;el \u00e4r bel\u00e4gen i landsdelen Wemberta i nord\u00f6stra Tigrai, p\u00e5 Atsbi-plat\u00e5n, ca tv\u00e5 och en halv [&hellip;]<\/p>\n","protected":false},"author":2,"featured_media":0,"parent":0,"menu_order":0,"comment_status":"open","ping_status":"open","template":"","meta":{"footnotes":""},"class_list":["post-1189","page","type-page","status-publish","hentry"],"_links":{"self":[{"href":"https:\/\/se.conservationinethiopia.org\/index.php?rest_route=\/wp\/v2\/pages\/1189","targetHints":{"allow":["GET"]}}],"collection":[{"href":"https:\/\/se.conservationinethiopia.org\/index.php?rest_route=\/wp\/v2\/pages"}],"about":[{"href":"https:\/\/se.conservationinethiopia.org\/index.php?rest_route=\/wp\/v2\/types\/page"}],"author":[{"embeddable":true,"href":"https:\/\/se.conservationinethiopia.org\/index.php?rest_route=\/wp\/v2\/users\/2"}],"replies":[{"embeddable":true,"href":"https:\/\/se.conservationinethiopia.org\/index.php?rest_route=%2Fwp%2Fv2%2Fcomments&post=1189"}],"version-history":[{"count":12,"href":"https:\/\/se.conservationinethiopia.org\/index.php?rest_route=\/wp\/v2\/pages\/1189\/revisions"}],"predecessor-version":[{"id":1191,"href":"https:\/\/se.conservationinethiopia.org\/index.php?rest_route=\/wp\/v2\/pages\/1189\/revisions\/1191"}],"wp:attachment":[{"href":"https:\/\/se.conservationinethiopia.org\/index.php?rest_route=%2Fwp%2Fv2%2Fmedia&parent=1189"}],"curies":[{"name":"wp","href":"https:\/\/api.w.org\/{rel}","templated":true}]}}