{"id":407,"date":"2011-04-15T16:06:23","date_gmt":"2011-04-15T14:06:23","guid":{"rendered":"http:\/\/www.conservationinethiopia.org\/?page_id=407"},"modified":"2012-11-19T23:51:49","modified_gmt":"2012-11-19T21:51:49","slug":"articles","status":"publish","type":"page","link":"https:\/\/se.conservationinethiopia.org\/?page_id=407","title":{"rendered":"Artiklar"},"content":{"rendered":"<div class=\"mceTemp\">\n<div style=\"text-align: center;\"><span style=\"font-size: small;\"><span style=\"font-size: 11px; line-height: 17px;\"><br \/>\n<\/span><\/span><\/div>\n<\/div>\n<figure id=\"attachment_1289\" aria-describedby=\"caption-attachment-1289\" style=\"width: 400px\" class=\"wp-caption alignnone\"><a href=\"https:\/\/se.conservationinethiopia.org\/wp-content\/uploads\/2011\/04\/100-Pr\u00e4ster-400-utanf\u00f6r-DSM-.jpg\"><img loading=\"lazy\" decoding=\"async\" class=\"size-full wp-image-1289\" title=\"100 Pr\u00e4ster 400 utanf\u00f6r DSM\" src=\"https:\/\/se.conservationinethiopia.org\/wp-content\/uploads\/2011\/04\/100-Pr\u00e4ster-400-utanf\u00f6r-DSM-.jpg\" alt=\"\" width=\"400\" height=\"411\" srcset=\"https:\/\/se.conservationinethiopia.org\/wp-content\/uploads\/2011\/04\/100-Pr\u00e4ster-400-utanf\u00f6r-DSM-.jpg 400w, https:\/\/se.conservationinethiopia.org\/wp-content\/uploads\/2011\/04\/100-Pr\u00e4ster-400-utanf\u00f6r-DSM--291x300.jpg 291w\" sizes=\"auto, (max-width: 400px) 100vw, 400px\" \/><\/a><figcaption id=\"caption-attachment-1289\" class=\"wp-caption-text\">Trotj\u00e4nare vid kyrkan Debre Selam Mika&#39;el, Atsbiplat\u00e5n, Wemberta, Etiopien.<\/figcaption><\/figure>\n<p style=\"text-align: justify;\"><span style=\"color: #008000;\"><span style=\"color: #000000;\"><span style=\"color: #008000;\">P\u00e5 DENNA PLATS<\/span> kommer l\u00e4ngre artiklar med anknytning till v\u00e5rt projekt och v\u00e5ra aktiviteter att l\u00e4nkas.<\/span><\/span><\/p>\n<p style=\"text-align: justify;\">I de artiklar som nu har publicerats presenteras i ord och bild pilotprojektet Debre Selam Mika&#8217;el (DSM). Detta \u00e4r ett mindre projekt som vi hoppas ska bli inledningen till ett st\u00f6rre kulturv\u00e5rds- och utbildningsprogram i Etiopien med syftet att r\u00e4dda ett nationellt och internationellt kulturarv i f\u00f6rfall. Dessa artiklar av projektets ledare, Lars Gerdmar, kommer att f\u00f6ljas av andra, f\u00f6rfattade av s\u00e4llskapets aktiva medlemmar s\u00e5v\u00e4l som av utomst\u00e5ende.<\/p>\n<p>&nbsp;<\/p>\n<p><a title=\"DSM\" href=\"https:\/\/se.conservationinethiopia.org\/?page_id=75\"><span style=\"color: #008000;\">Debre Selam Mika&#8217;el &#8211; ett kulturellt bist\u00e5ndsprojekt<\/span><\/a><\/p>\n<p><a title=\"DSM: F\u00f6rund. 1\" href=\"https:\/\/se.conservationinethiopia.org\/?page_id=1002\"><span style=\"color: #008000;\">Debre Selam Mika&#8217;el &#8211; presentation av f\u00f6runders\u00f6kning 2009 och<\/span><\/a><a title=\"DSM: F\u00f6rund. 1\" href=\"https:\/\/se.conservationinethiopia.org\/?page_id=1002\"><br \/>\n<\/a><a title=\"DSM: F\u00f6rund. 1\" href=\"https:\/\/se.conservationinethiopia.org\/?page_id=1002\"><span style=\"color: #008000;\">av hur vi under lager av smuts finner en \u00e4ngel<\/span><\/a><\/p>\n<p><a title=\"Konst &amp; arkitektur\" href=\"https:\/\/se.conservationinethiopia.org\/?page_id=91\"><span style=\"color: #008000;\">Debre Selam Mika&#8217;el &#8211; Kort beskrivning av m\u00e5lningar och byggnad<\/span><\/a><\/p>\n<p>&nbsp;<\/p>\n<p>&nbsp;<\/p>\n<p>&nbsp;<\/p>\n<h6>\u00a9 Text och bild, SCECH, f\u00f6rfattarna och fotograferna, 2011<\/h6>\n<p>&nbsp;<\/p>\n<p>&nbsp;<\/p>\n<p>&nbsp;<\/p>\n<p><span style=\"color: #008000; font-style: italic;\"><br \/>\n<\/span><\/p>\n","protected":false},"excerpt":{"rendered":"<p>P\u00e5 DENNA PLATS kommer l\u00e4ngre artiklar med anknytning till v\u00e5rt projekt och v\u00e5ra aktiviteter att l\u00e4nkas. I de artiklar som nu har publicerats presenteras i ord och bild pilotprojektet Debre Selam Mika&#8217;el (DSM). Detta \u00e4r ett mindre projekt som vi hoppas ska bli inledningen till ett st\u00f6rre kulturv\u00e5rds- och utbildningsprogram i Etiopien med syftet att [&hellip;]<\/p>\n","protected":false},"author":1,"featured_media":0,"parent":0,"menu_order":0,"comment_status":"open","ping_status":"open","template":"","meta":{"footnotes":""},"class_list":["post-407","page","type-page","status-publish","hentry"],"_links":{"self":[{"href":"https:\/\/se.conservationinethiopia.org\/index.php?rest_route=\/wp\/v2\/pages\/407","targetHints":{"allow":["GET"]}}],"collection":[{"href":"https:\/\/se.conservationinethiopia.org\/index.php?rest_route=\/wp\/v2\/pages"}],"about":[{"href":"https:\/\/se.conservationinethiopia.org\/index.php?rest_route=\/wp\/v2\/types\/page"}],"author":[{"embeddable":true,"href":"https:\/\/se.conservationinethiopia.org\/index.php?rest_route=\/wp\/v2\/users\/1"}],"replies":[{"embeddable":true,"href":"https:\/\/se.conservationinethiopia.org\/index.php?rest_route=%2Fwp%2Fv2%2Fcomments&post=407"}],"version-history":[{"count":40,"href":"https:\/\/se.conservationinethiopia.org\/index.php?rest_route=\/wp\/v2\/pages\/407\/revisions"}],"predecessor-version":[{"id":1968,"href":"https:\/\/se.conservationinethiopia.org\/index.php?rest_route=\/wp\/v2\/pages\/407\/revisions\/1968"}],"wp:attachment":[{"href":"https:\/\/se.conservationinethiopia.org\/index.php?rest_route=%2Fwp%2Fv2%2Fmedia&parent=407"}],"curies":[{"name":"wp","href":"https:\/\/api.w.org\/{rel}","templated":true}]}}